{"id":14,"date":"2021-09-30T18:31:22","date_gmt":"2021-09-30T18:31:22","guid":{"rendered":"https:\/\/www.clairify-quantum-disinfection.eu\/?page_id=14"},"modified":"2021-10-19T14:48:20","modified_gmt":"2021-10-19T14:48:20","slug":"f-a-q","status":"publish","type":"page","link":"https:\/\/clairify-quantum-disinfection.eu\/es\/f-a-q\/","title":{"rendered":"Preguntas Frecuentes"},"content":{"rendered":"<h1 style=\"text-align: center;\">Clairify Quantum Disinfection\u2122 (Desinfecci\u00f3n Cu\u00e1ntica Clairify)<br \/>\nPreguntas frecuentes<\/h1>\n<p>&nbsp;<\/p>\n<p>&nbsp;<\/p>\n<h2>C\u00f3mo funciona Clairify Quantum Disinfection\u2122?<\/h2>\n<p>La desinfecci\u00f3n cu\u00e1ntica es un catalizador con superficies activadas. Los microorganismos (bacterias, virus, protozoos, microalgas, levaduras, etc.) que entran en contacto directo con estas superficies pierden instant\u00e1neamente sus electrones en los sitios activos positivos, lo que provoca el colapso de toda su estructura.<\/p>\n<h2>\u00bfEs Quantum Disinfection un filtro?<\/h2>\n<p>No. Es un medio de desinfecci\u00f3n. Adem\u00e1s, al igual que los UV, los QD necesitan una filtraci\u00f3n primaria (de al menos 5 micras) para funcionar correctamente, ya que de lo contrario los sitios activados pueden obstruirse.<\/p>\n<h2>\u00bfLos medios de Quantum Disinfection se filtran?<\/h2>\n<p>No. Quantum Disinfection\u2122 no lixivia nada en el agua, ni iones, ni productos qu\u00edmicos. Toda la acci\u00f3n bactericida se debe a una acci\u00f3n catal\u00edtica superficial.<\/p>\n<h2>\u00bfEst\u00e1 certificada Quantum Disinfection?<\/h2>\n<p>S\u00ed. Los medios QD lo son:<\/p>\n<ul>\n<li>Componente certificado por NSF seg\u00fan NSF\/ANSI 42 s\u00f3lo para los requisitos de materiales (Certificado #:C0292640-01);<\/li>\n<li>Probado por IAPMO seg\u00fan NSF\/ANSI 61 (Certificado #: 23033);<\/li>\n<li>Certificado MOH - China (Certificado #: 2015KF2513).<\/li>\n<\/ul>\n<h2>\u00bfC\u00f3mo se aplica la desinfecci\u00f3n cu\u00e1ntica?<\/h2>\n<p>QD s\u00f3lo puede aplicarse en lecho compacto en dispositivos, sistemas o unidades con una entrada y una salida que puedan garantizar el contacto de los microorganismos con la cer\u00e1mica activada. No se permite el by-pass.<\/p>\n<h2>\u00bfHa realizado Quantum Disinfection pruebas en laboratorios de terceros?<\/h2>\n<p>S\u00ed. La tecnolog\u00eda Quantum Disinfection\u2122 ha sido rigurosamente probada y ha dado excelentes resultados por:<\/p>\n<ul>\n<li>Agencia de Protecci\u00f3n del Medio Ambiente, US EPA<\/li>\n<li>Eurofins US; Eurofins France<\/li>\n<li>Universidad Estatal de Carolina del Norte<\/li>\n<li>Proteus, Francia<\/li>\n<li>Centro de Detecci\u00f3n de Microbiolog\u00eda de Guangdong, China<\/li>\n<li>Avazyme, EE.UU.<\/li>\n<li>Ackuritlabs, EE.UU.<\/li>\n<li>Microbac, EE.UU.<\/li>\n<\/ul>\n<p>Todos estos informes est\u00e1n disponibles previa solicitud.<\/p>\n<h2>\u00bfEs Quantum Disinfection\u2122 un purificador como la \u00f3smosis inversa?<\/h2>\n<p>No. Quantum Disinfection\u2122 es m\u00e1s como UV. No es un filtro y su finalidad no es filtrar el agua, sino desinfectarla.<\/p>\n<h2>\u00bfCu\u00e1nto duran los medios Quantum Disinfection?<\/h2>\n<p>Claire colabora estrechamente con sus socios fabricantes de equipos originales para dise\u00f1ar cartuchos y dispositivos que cumplan los criterios de fin de vida \u00fatil. Para los prototipos propios de Claire, como la unidad CLAIRIFY PLATINUM 12, la vida \u00fatil garantizada es de 740.000 litros, o algo m\u00e1s de 1 a\u00f1o de uso dom\u00e9stico normal.<\/p>","protected":false},"excerpt":{"rendered":"<p>Clairify Quantum Disinfection\u2122 Frequently Asked Questions &nbsp; &nbsp; How does Clairify Quantum Disinfection\u2122 work? Quantum Disinfection is a catalyst with activated surfaces. The microorganisms (bacteria, viruses, protozoa, micro-algae, yeast, etc.) that get into a direct contact with these surfaces, instantly lose their electrons to the positive active sites causing their entire structure to collapse. Is [&hellip;]<\/p>\n","protected":false},"author":1,"featured_media":0,"parent":0,"menu_order":0,"comment_status":"closed","ping_status":"closed","template":"","meta":{"_acf_changed":false,"_seopress_robots_primary_cat":"","_seopress_titles_title":"","_seopress_titles_desc":"","_seopress_robots_index":"","footnotes":""},"class_list":["post-14","page","type-page","status-publish"],"acf":[],"_links":{"self":[{"href":"https:\/\/clairify-quantum-disinfection.eu\/es\/wp-json\/wp\/v2\/pages\/14","targetHints":{"allow":["GET"]}}],"collection":[{"href":"https:\/\/clairify-quantum-disinfection.eu\/es\/wp-json\/wp\/v2\/pages"}],"about":[{"href":"https:\/\/clairify-quantum-disinfection.eu\/es\/wp-json\/wp\/v2\/types\/page"}],"author":[{"embeddable":true,"href":"https:\/\/clairify-quantum-disinfection.eu\/es\/wp-json\/wp\/v2\/users\/1"}],"replies":[{"embeddable":true,"href":"https:\/\/clairify-quantum-disinfection.eu\/es\/wp-json\/wp\/v2\/comments?post=14"}],"version-history":[{"count":8,"href":"https:\/\/clairify-quantum-disinfection.eu\/es\/wp-json\/wp\/v2\/pages\/14\/revisions"}],"predecessor-version":[{"id":187,"href":"https:\/\/clairify-quantum-disinfection.eu\/es\/wp-json\/wp\/v2\/pages\/14\/revisions\/187"}],"wp:attachment":[{"href":"https:\/\/clairify-quantum-disinfection.eu\/es\/wp-json\/wp\/v2\/media?parent=14"}],"curies":[{"name":"wp","href":"https:\/\/api.w.org\/{rel}","templated":true}]}}