{"id":20,"date":"2021-09-30T18:49:59","date_gmt":"2021-09-30T18:49:59","guid":{"rendered":"https:\/\/www.clairify-quantum-disinfection.eu\/?page_id=20"},"modified":"2021-10-19T15:34:41","modified_gmt":"2021-10-19T15:34:41","slug":"productos","status":"publish","type":"page","link":"https:\/\/clairify-quantum-disinfection.eu\/es\/products\/","title":{"rendered":"Productos"},"content":{"rendered":"<h1 id=\"headline-47-37\" class=\"ct-headline\">Tecnolog\u00eda cu\u00e1ntica para la desinfecci\u00f3n del agua<\/h1>","protected":false},"excerpt":{"rendered":"<p>Tecnolog\u00eda cu\u00e1ntica para la desinfecci\u00f3n del agua<\/p>","protected":false},"author":1,"featured_media":0,"parent":0,"menu_order":0,"comment_status":"closed","ping_status":"closed","template":"","meta":{"_acf_changed":false,"_seopress_robots_primary_cat":"","_seopress_titles_title":"","_seopress_titles_desc":"","_seopress_robots_index":"","footnotes":""},"class_list":["post-20","page","type-page","status-publish"],"acf":[],"_links":{"self":[{"href":"https:\/\/clairify-quantum-disinfection.eu\/es\/wp-json\/wp\/v2\/pages\/20","targetHints":{"allow":["GET"]}}],"collection":[{"href":"https:\/\/clairify-quantum-disinfection.eu\/es\/wp-json\/wp\/v2\/pages"}],"about":[{"href":"https:\/\/clairify-quantum-disinfection.eu\/es\/wp-json\/wp\/v2\/types\/page"}],"author":[{"embeddable":true,"href":"https:\/\/clairify-quantum-disinfection.eu\/es\/wp-json\/wp\/v2\/users\/1"}],"replies":[{"embeddable":true,"href":"https:\/\/clairify-quantum-disinfection.eu\/es\/wp-json\/wp\/v2\/comments?post=20"}],"version-history":[{"count":6,"href":"https:\/\/clairify-quantum-disinfection.eu\/es\/wp-json\/wp\/v2\/pages\/20\/revisions"}],"predecessor-version":[{"id":179,"href":"https:\/\/clairify-quantum-disinfection.eu\/es\/wp-json\/wp\/v2\/pages\/20\/revisions\/179"}],"wp:attachment":[{"href":"https:\/\/clairify-quantum-disinfection.eu\/es\/wp-json\/wp\/v2\/media?parent=20"}],"curies":[{"name":"wp","href":"https:\/\/api.w.org\/{rel}","templated":true}]}}