{"id":215,"date":"2021-10-27T16:33:59","date_gmt":"2021-10-27T16:33:59","guid":{"rendered":"https:\/\/clairify-quantum-disinfection.eu\/?page_id=215"},"modified":"2021-11-09T14:38:50","modified_gmt":"2021-11-09T12:38:50","slug":"politica-de-cookies","status":"publish","type":"page","link":"https:\/\/clairify-quantum-disinfection.eu\/es\/cookie-policy\/","title":{"rendered":"Pol\u00edtica de cookies"},"content":{"rendered":"<h3>\u00bfQu\u00e9 es una galleta?<\/h3>\n<p>Una cookie es un archivo de texto que contiene peque\u00f1as cantidades de informaci\u00f3n y que se descarga en su dispositivo cuando visita (por primera vez) un sitio web. Esa cookie se env\u00eda de vuelta al sitio web de origen en cada visita posterior, o a otro sitio web que reconozca esa cookie. Las cookies son \u00fatiles porque permiten que un sitio web reconozca el dispositivo de un usuario y le proporcionan una experiencia m\u00e1s eficiente y personalizada.<\/p>\n<h3>\u00bfQu\u00e9 tipos de cookies se utilizan?<\/h3>\n<p>En clairify-quantum-disinfection.eu utilizamos cookies propias y de terceros en nuestros sitios web.<\/p>\n<p>Las cookies de origen son cookies utilizadas por clairify-quantum-disinfection.eu durante su visita a uno de nuestros sitios web, como cookies t\u00e9cnicas, de sesi\u00f3n, persistentes y funcionales:<\/p>\n<p>Las cookies t\u00e9cnicas son esenciales para que el sitio web funcione correctamente. Estas cookies le permiten navegar entre las distintas secciones de nuestro sitio web y utilizar funcionalidades espec\u00edficas.<\/p>\n<p>Las cookies de sesi\u00f3n son cookies temporales que le permiten navegar r\u00e1pida y f\u00e1cilmente por el sitio web durante su sesi\u00f3n de navegaci\u00f3n.<\/p>\n<p>Las cookies persistentes o \"cookies de seguimiento\" duran m\u00e1s que una sesi\u00f3n individual y permanecen en su navegador durante un periodo espec\u00edfico despu\u00e9s de la sesi\u00f3n (a menos que elimine la cookie).<\/p>\n<p>Las cookies funcionales controlan el correcto funcionamiento del sitio web y permiten que \u00e9ste recuerde las elecciones que usted hace (por ejemplo, su preferencia de idioma, su nombre de usuario o su regi\u00f3n). Proporcionan funciones mejoradas y m\u00e1s personales, evit\u00e1ndole tener que especificar sus elecciones cada vez que visita el sitio web.<\/p>\n<p>Las cookies de terceros son cookies que no utiliza clairify-quantum-disinfection.eu durante su visita a uno de nuestros sitios web, como por ejemplo:<\/p>\n<p>Cookies de rendimiento (Google): recopilan informaci\u00f3n an\u00f3nima y agregada sobre su comportamiento en l\u00ednea (como su tipo de navegador, su direcci\u00f3n de Protocolo de Internet (IP) anonimizada, el sistema operativo utilizado, el nombre de dominio del sitio web que ha visitado incluso cuando abandona dicho sitio, la fecha y hora de su visita al sitio web, etc.) con fines estad\u00edsticos y para generar perfiles de visitantes.<\/p>\n<p>Las cookies que utilizamos no recogen datos que revelen su identidad personal y, por lo tanto, no nos permiten identificarle. Nuestro(s) sitio(s) web puede(n) contener enlaces a otros sitios web que no son propiedad ni est\u00e1n gestionados por clairify-quantum-disinfection.eu (contenidos, enlaces y plug-ins de terceros). clairify-quantum-disinfection.eu no es responsable de las pr\u00e1cticas de privacidad de estos sitios web.<\/p>\n<h3>\u00bfC\u00f3mo dar su consentimiento?<\/h3>\n<p>Cuando visite nuestro(s) sitio(s) web por primera vez, aparecer\u00e1 un banner de cookies en la parte superior. Al cerrar ese banner, o continuar su visita a nuestro(s) sitio(s) web, usted acepta nuestro uso de cookies tal como se especifica en esta pol\u00edtica de cookies, a menos que haya adaptado la configuraci\u00f3n de su navegador para rechazar las cookies (v\u00e9ase m\u00e1s adelante) o a menos que haga clic en \"No quiero cookies\" en nuestro banner de cookies.<\/p>\n<h3>\u00bfC\u00f3mo rechazar nuestras cookies?<\/h3>\n<p>Puede retirar su consentimiento en cualquier momento haciendo clic en \"No quiero cookies\" en nuestro banner de cookies, o eliminando las cookies en la configuraci\u00f3n de su navegador de Internet.<\/p>\n<p>Estos ajustes suelen encontrarse en el men\u00fa \"Opciones\" o \"Preferencias\" de su navegador de Internet. Para entender estos ajustes, los siguientes enlaces pueden ser \u00fatiles (o vaya a la opci\u00f3n 'Ayuda' de su navegador de Internet para m\u00e1s detalles):<\/p>\n<ul>\n<li><a href=\"http:\/\/support.mozilla.org\/en-US\/kb\/cookies-information-websites-store-on-your-computer?redirectlocale=en-US&amp;redirectslug=Cookies\" target=\"_blank\" rel=\"noopener\">Configuraci\u00f3n de cookies en Firefox<\/a><\/li>\n<li><a href=\"http:\/\/support.google.com\/chrome\/bin\/answer.py?hl=en&amp;answer=95647\" target=\"_blank\" rel=\"noopener\">Configuraci\u00f3n de cookies en Chrome<\/a><\/li>\n<li><a href=\"http:\/\/support.apple.com\/kb\/HT1677\" target=\"_blank\" rel=\"noopener\">Configuraci\u00f3n de cookies en Safari<\/a><\/li>\n<\/ul>\n<p>Tenga en cuenta que cambiar la configuraci\u00f3n de su navegador para rechazar las cookies puede afectar a su visita a nuestro sitio web y denegarle el acceso a la totalidad o a partes de nuestro sitio web. Puede cambiar la configuraci\u00f3n de su navegador de Internet en cualquier momento.<\/p>","protected":false},"excerpt":{"rendered":"<p>What is a cookie? A cookie is a text file containing small amounts of information, which is downloaded to your device when you (first) visit a website. That cookie is then sent back to the website of origin on each subsequent visit, or to another website which recognises that cookie. Cookies are useful because they [&hellip;]<\/p>\n","protected":false},"author":1,"featured_media":0,"parent":0,"menu_order":0,"comment_status":"closed","ping_status":"closed","template":"","meta":{"_acf_changed":false,"_seopress_robots_primary_cat":"","_seopress_titles_title":"","_seopress_titles_desc":"","_seopress_robots_index":"yes","footnotes":""},"class_list":["post-215","page","type-page","status-publish"],"acf":[],"_links":{"self":[{"href":"https:\/\/clairify-quantum-disinfection.eu\/es\/wp-json\/wp\/v2\/pages\/215","targetHints":{"allow":["GET"]}}],"collection":[{"href":"https:\/\/clairify-quantum-disinfection.eu\/es\/wp-json\/wp\/v2\/pages"}],"about":[{"href":"https:\/\/clairify-quantum-disinfection.eu\/es\/wp-json\/wp\/v2\/types\/page"}],"author":[{"embeddable":true,"href":"https:\/\/clairify-quantum-disinfection.eu\/es\/wp-json\/wp\/v2\/users\/1"}],"replies":[{"embeddable":true,"href":"https:\/\/clairify-quantum-disinfection.eu\/es\/wp-json\/wp\/v2\/comments?post=215"}],"version-history":[{"count":1,"href":"https:\/\/clairify-quantum-disinfection.eu\/es\/wp-json\/wp\/v2\/pages\/215\/revisions"}],"predecessor-version":[{"id":217,"href":"https:\/\/clairify-quantum-disinfection.eu\/es\/wp-json\/wp\/v2\/pages\/215\/revisions\/217"}],"wp:attachment":[{"href":"https:\/\/clairify-quantum-disinfection.eu\/es\/wp-json\/wp\/v2\/media?parent=215"}],"curies":[{"name":"wp","href":"https:\/\/api.w.org\/{rel}","templated":true}]}}