{"id":3,"date":"2021-09-21T20:36:15","date_gmt":"2021-09-21T20:36:15","guid":{"rendered":"http:\/\/www.clairify-quantum-disinfection.eu\/?page_id=3"},"modified":"2021-11-09T14:39:39","modified_gmt":"2021-11-09T12:39:39","slug":"politica-de-privacidad","status":"publish","type":"page","link":"https:\/\/clairify-quantum-disinfection.eu\/es\/privacy-policy\/","title":{"rendered":"Pol\u00edtica de privacidad"},"content":{"rendered":"<h1>Pol\u00edtica de privacidad<\/h1>\n<p>En EMIRATECH SOLUTIONS, concedemos gran importancia a la protecci\u00f3n de su privacidad. En nuestra Pol\u00edtica de Privacidad, queremos dejar claro qu\u00e9 datos personales tratamos sobre usted, por qu\u00e9 y durante cu\u00e1nto tiempo los tratamos, y c\u00f3mo puede ejercer sus derechos para gestionarlos.<\/p>\n<p>EMIRATECH SOLUTIONS es responsable del tratamiento de sus datos personales.<\/p>\n<p>Le invitamos a que lea atentamente nuestra Pol\u00edtica de privacidad y las Condiciones generales para comprender bien c\u00f3mo protegemos sus datos personales.<\/p>\n<h2>\u00bfLe afecta esta pol\u00edtica de privacidad?<\/h2>\n<p>Esta Pol\u00edtica de Privacidad se aplica a usted si ha entrado en contacto con nosotros, como persona que trabaja para una parte con la que tenemos una relaci\u00f3n contractual, o como visitante de nuestras instalaciones o sitios web, o de otras formas (por correo electr\u00f3nico o tel\u00e9fono, asistiendo a uno de nuestros eventos, etc.).<\/p>\n<p>Sus datos personales pueden recopilarse por los siguientes m\u00e9todos: a trav\u00e9s de correo electr\u00f3nico o formularios de contacto en l\u00ednea, tel\u00e9fono o fax; por asistencia a un evento; mediante el uso de cookies u otras tecnolog\u00edas que rastrean a los visitantes en nuestros sitios web; a trav\u00e9s de comunicaciones de proveedores o socios; a trav\u00e9s de un testimonio; o por cualquier otro medio.<\/p>\n<h2>\u00bfQu\u00e9 datos personales tratamos sobre usted?<\/h2>\n<p>Los datos personales son cualquier informaci\u00f3n relativa a una persona f\u00edsica identificada o identificable (i) que usted nos proporciona voluntariamente (por ejemplo, a trav\u00e9s de nuestros formularios en l\u00ednea en nuestro sitio web, testimonios, etc.), (ii) que recopilamos de su(s) visita(s) a nuestras instalaciones, eventos o sitio(s) web o a trav\u00e9s de su acceso y uso de nuestros productos o servicios.<\/p>\n<p>En el contexto de nuestras actividades comerciales, y con el fin de prestarle un buen servicio y mejorar nuestros servicios en la medida de lo posible, podemos tratar los siguientes datos personales sobre usted: su nombre y apellidos, la direcci\u00f3n de su empresa, el n\u00famero o n\u00fameros de tel\u00e9fono de su empresa, la direcci\u00f3n o direcciones de correo electr\u00f3nico de su empresa, la empresa para la que trabaja o a la que representa, su pa\u00eds de nacionalidad, su direcci\u00f3n IP y cualquier otro dato personal que usted pueda facilitarnos.<\/p>\n<h2>\u00bfCon qu\u00e9 fines tratamos sus datos personales?<\/h2>\n<p>Tratamos sus datos personales con diversos fines. Utilizamos sus datos personales para mantener y construir relaciones duraderas y sostenibles y para ejecutar los contratos que podamos tener. Utilizamos sus datos personales para responder a sus consultas, satisfacer sus peticiones y\/o enviarle informaci\u00f3n administrativa o comercial.<\/p>\n<p>Sus datos personales pueden utilizarse para cumplir la normativa aplicable, responder a solicitudes o reclamaciones de autoridades p\u00fablicas y gubernamentales (incluidas autoridades p\u00fablicas y gubernamentales de fuera de su pa\u00eds de residencia), o para proteger nuestros derechos, privacidad, seguridad o propiedad, y\/o nuestras entidades.<\/p>\n<p>Podemos utilizar sus datos personales para enviarle mensajes promocionales, marketing, publicidad y otra informaci\u00f3n que pueda ser de su inter\u00e9s s\u00f3lo si usted opt\u00f3 por recibir esta informaci\u00f3n.<\/p>\n<h2>\u00bfCon qu\u00e9 fundamento jur\u00eddico tratamos sus datos personales?<\/h2>\n<p>Podemos tratar sus datos personales sobre la base de los siguientes fundamentos jur\u00eddicos:<\/p>\n<ul>\n<li>El tratamiento puede ser necesario para cumplir nuestras obligaciones legales;<\/li>\n<li>El tratamiento puede ser necesario para la ejecuci\u00f3n de su contrato con nosotros;<\/li>\n<li>El tratamiento es necesario para la protecci\u00f3n de nuestros intereses leg\u00edtimos, tales como: los intereses econ\u00f3micos, comerciales y financieros, la continuidad del negocio, la seguridad y confidencialidad de la informaci\u00f3n y los productos de los clientes, y la seguridad de la infraestructura digital y f\u00edsica;<\/li>\n<li>En casos excepcionales, nuestras actividades de tratamiento pueden llevarse a cabo con su consentimiento.<\/li>\n<\/ul>\n<h2>\u00bfCon qui\u00e9n compartimos sus datos personales?<\/h2>\n<p>Nunca vendemos sus datos personales a nadie. En la medida en que lo permita la legislaci\u00f3n aplicable, sus datos personales podr\u00e1n ser revelados a las siguientes partes:<\/p>\n<p>Como parte de las actividades de tratamiento para los fines mencionados, los datos personales pueden ser comunicados a otras entidades.<\/p>\n<p>A terceros: Sus datos personales pueden ser revelados a terceros, como autoridades gubernamentales, por razones leg\u00edtimas.<\/p>\n<p>Instituciones de investigaci\u00f3n: Podemos compartir sus datos personales con instituciones con fines de investigaci\u00f3n (estad\u00edstica o cient\u00edfica).<\/p>\n<p>Proveedores de alojamiento: Para el alojamiento, almacenamiento y copia de seguridad de todos los datos personales, confiamos en proveedores ubicados en la Uni\u00f3n Europea.<\/p>\n<p>Hacemos todo lo que est\u00e1 en nuestra mano para garantizar que se aplican las medidas t\u00e9cnicas y organizativas adecuadas para salvaguardar sus datos personales.<\/p>\n<p>Cuando compartimos sus datos personales, intentamos dar instrucciones a los destinatarios, siempre que sea posible, para que traten sus datos personales de acuerdo con nuestras instrucciones.<\/p>\n<h2>\u00bfCu\u00e1les son sus derechos en relaci\u00f3n con sus datos personales?<\/h2>\n<p>Salvo que su solicitud se considere excesiva o infundada, podr\u00e1 ejercer los siguientes derechos en relaci\u00f3n con sus datos personales:<\/p>\n<ul>\n<li>Tiene derecho a solicitar informaci\u00f3n sobre sus datos personales;<\/li>\n<li>Tiene derecho a solicitar una copia de todos sus datos en un formato est\u00e1ndar;<\/li>\n<li>Tiene derecho a modificar o corregir sus datos personales si son err\u00f3neos;<\/li>\n<li>Tiene derecho a solicitar la restricci\u00f3n de determinadas actividades de tratamiento en determinadas circunstancias;<\/li>\n<li>Tiene derecho a oponerse a determinadas actividades de tratamiento;<\/li>\n<li>Tiene derecho a retirar su consentimiento;<\/li>\n<li>Tiene derecho a que se borren sus datos personales en determinadas circunstancias;<\/li>\n<li>Puede ejercer f\u00e1cilmente cualquiera de sus derechos cumplimentando y enviando nuestro formulario en l\u00ednea.<\/li>\n<\/ul>\n<p>Nos reservamos el derecho a cobrar una tarifa razonable en caso de que su solicitud se considere excesiva a nuestra entera discreci\u00f3n.<\/p>\n<p>Adem\u00e1s, tiene derecho a presentar una reclamaci\u00f3n ante la autoridad supervisora local, si considera que nuestro tratamiento de sus datos personales no se ajusta a la legislaci\u00f3n aplicable.<\/p>\n<p>Siempre puede preguntarnos sobre sus datos personales enviando un correo electr\u00f3nico a protectiadatelor@emiratech.ro.<\/p>\n<h2>\u00bfD\u00f3nde y durante cu\u00e1nto tiempo conservamos sus datos personales?<\/h2>\n<p>Sus datos personales se almacenan tanto electr\u00f3nica como manualmente, internamente y por terceros, en nuestros centros de datos de la Uni\u00f3n Europea, y se puede acceder a ellos desde nuestras oficinas mediante los protocolos de autenticaci\u00f3n necesarios.<\/p>\n<p>Almacenamos sus datos personales en una forma que permita su identificaci\u00f3n durante no m\u00e1s tiempo del necesario para los fines para los que se procesan sus datos personales. Este periodo de conservaci\u00f3n var\u00eda en funci\u00f3n del tipo de datos personales tratados, la finalidad del tratamiento y otros factores similares.<\/p>\n<h2>\u00bfQu\u00e9 medidas de seguridad se toman para salvaguardar sus datos personales?<\/h2>\n<p>Aplicamos y actualizamos continuamente nuestras medidas de seguridad para ayudar a proteger sus datos personales y otra informaci\u00f3n contra el acceso no autorizado, la p\u00e9rdida, la destrucci\u00f3n o la alteraci\u00f3n. Hacemos todo lo posible para garantizar que toda la informaci\u00f3n se almacena de forma segura y pedimos a nuestros proveedores de servicios que apliquen medidas de seguridad adecuadas.<\/p>\n<h2>Cookies y otras tecnolog\u00edas de seguimiento<\/h2>\n<p>Cuando visita nuestros sitios web, podemos almacenar cierta informaci\u00f3n en sus dispositivos en forma de cookie. Le invitamos a leer atentamente nuestra pol\u00edtica de cookies para comprender mejor c\u00f3mo aplicamos o utilizamos las cookies.<\/p>\n<h2>CONTACTAR CON NOSOTROS<\/h2>\n<p>Si tiene alguna pregunta sobre esta pol\u00edtica de privacidad, o si desea ejercer alguno de sus derechos aqu\u00ed expuestos, p\u00f3ngase en contacto con nosotros a trav\u00e9s de protectiadatelor@emiratech.ro.<\/p>","protected":false},"excerpt":{"rendered":"<p>Privacy Policy At EMIRATECH SOLUTIONS, we attach great importance to the protection of your privacy. In our Privacy Policy, we wish to make clear what personal data we process about you, why and for how long we process it, and how you can exercise your rights to manage it. EMIRATECH SOLUTIONS is responsible for processing [&hellip;]<\/p>\n","protected":false},"author":1,"featured_media":0,"parent":0,"menu_order":0,"comment_status":"closed","ping_status":"open","template":"","meta":{"_acf_changed":false,"_seopress_robots_primary_cat":"","_seopress_titles_title":"","_seopress_titles_desc":"","_seopress_robots_index":"yes","footnotes":""},"class_list":["post-3","page","type-page","status-publish"],"acf":[],"_links":{"self":[{"href":"https:\/\/clairify-quantum-disinfection.eu\/es\/wp-json\/wp\/v2\/pages\/3","targetHints":{"allow":["GET"]}}],"collection":[{"href":"https:\/\/clairify-quantum-disinfection.eu\/es\/wp-json\/wp\/v2\/pages"}],"about":[{"href":"https:\/\/clairify-quantum-disinfection.eu\/es\/wp-json\/wp\/v2\/types\/page"}],"author":[{"embeddable":true,"href":"https:\/\/clairify-quantum-disinfection.eu\/es\/wp-json\/wp\/v2\/users\/1"}],"replies":[{"embeddable":true,"href":"https:\/\/clairify-quantum-disinfection.eu\/es\/wp-json\/wp\/v2\/comments?post=3"}],"version-history":[{"count":4,"href":"https:\/\/clairify-quantum-disinfection.eu\/es\/wp-json\/wp\/v2\/pages\/3\/revisions"}],"predecessor-version":[{"id":271,"href":"https:\/\/clairify-quantum-disinfection.eu\/es\/wp-json\/wp\/v2\/pages\/3\/revisions\/271"}],"wp:attachment":[{"href":"https:\/\/clairify-quantum-disinfection.eu\/es\/wp-json\/wp\/v2\/media?parent=3"}],"curies":[{"name":"wp","href":"https:\/\/api.w.org\/{rel}","templated":true}]}}