{"id":77,"date":"2021-10-11T09:06:05","date_gmt":"2021-10-11T09:06:05","guid":{"rendered":"https:\/\/www.clairify-quantum-disinfection.eu\/?page_id=77"},"modified":"2021-11-09T14:39:10","modified_gmt":"2021-11-09T12:39:10","slug":"aviso-legal","status":"publish","type":"page","link":"https:\/\/clairify-quantum-disinfection.eu\/es\/legal-notice\/","title":{"rendered":"Menciones legales"},"content":{"rendered":"<h1>Aviso legal<\/h1>\n<p>Las siguientes condiciones de uso (\"Condiciones\") se aplican a los visitantes de los sitios web clairify-quantum-disinfection.eu (los \"Sitios Web\"). Le rogamos que las lea atentamente antes de utilizar los Sitios Web. Al acceder y utilizar estos Sitios Web, usted reconoce que ha le\u00eddo, comprendido y aceptado quedar vinculado por estos T\u00e9rminos y cumplir con todas las leyes y reglamentos aplicables. clairify-quantum-disinfection.eu se reserva el derecho de modificar estos T\u00e9rminos de vez en cuando sin previo aviso a su entera y absoluta discreci\u00f3n. Si no est\u00e1 de acuerdo con estas Condiciones, no debe utilizar los Sitios Web.<\/p>\n<p>Estos sitios web son operados por EMIRATECH SOLUTIONS SRL, Adresa: Blv. Energeticienilor nr. 9E, Bloc M1, Parter, Camera 1034, sector 3, c\u00f3digo postal 032091, Bucarest, Rumania - VAT ID RO 32726363.<\/p>\n<h2>Uso de los sitios web<br \/>\nS\u00f3lo podr\u00e1 utilizar los Sitios web con fines l\u00edcitos. No podr\u00e1 utilizar los Sitios web:<\/h2>\n<ul>\n<li>de cualquier forma que infrinja las leyes o normativas nacionales o internacionales aplicables;<\/li>\n<li>de forma il\u00edcita o fraudulenta o que tenga un prop\u00f3sito o efecto il\u00edcito o fraudulento;<\/li>\n<li>de ning\u00fan modo que pueda da\u00f1ar, inutilizar, sobrecargar o deteriorar cualquier servidor de clairify-quantum-disinfection.eu, o la(s) red(es) conectada(s) al mismo.<\/li>\n<li>de cualquier forma que constituya un acto de difamaci\u00f3n, o un abuso o violaci\u00f3n de los derechos de terceros;<\/li>\n<li>utilizar cualquier material o informaci\u00f3n, incluidas im\u00e1genes o fotograf\u00edas, que est\u00e9n disponibles a trav\u00e9s de los Sitios Web de cualquier forma que infrinja cualquier derecho de autor, marca registrada, patente, secreto comercial u otro derecho de propiedad de cualquier parte;<\/li>\n<li>transmitir, enviar o cargar a sabiendas cualquier material que sea t\u00e9cnicamente da\u00f1ino (incluidos, entre otros, virus inform\u00e1ticos, troyanos, gusanos, bombas l\u00f3gicas, datos corruptos u otro software malicioso o datos da\u00f1inos).<\/li>\n<\/ul>\n<h2>Informaci\u00f3n sobre los sitios web<\/h2>\n<p>EMIRATECH SOLUTIONS mantiene los Sitios Web para mejorar el acceso p\u00fablico a la informaci\u00f3n sobre sus productos y servicios. Cualquier informaci\u00f3n en los sitios web se proporciona \"tal cual\". A pesar de nuestro cuidado y mejores esfuerzos, EMIRATECH SOLUTIONS no puede garantizar que la informaci\u00f3n en los Sitios Web sea completa, precisa y actualizada. Cualquier informaci\u00f3n o material publicado en los sitios web no pretende constituir un consejo en el que confiar. EMIRATECH SOLUTIONS rechaza expresamente cualquier responsabilidad derivada del uso de los Sitios Web o de cualquier confianza o uso de la informaci\u00f3n publicada en los Sitios Web, por parte de cualquier persona. Toda la informaci\u00f3n publicada en los sitios web es tal y como nos fue proporcionada por Claire Technologies, LLC.<\/p>\n<h2>Enlaces de los sitios web a otros sitios web<\/h2>\n<p>La informaci\u00f3n proporcionada en los Sitios Web puede contener informaci\u00f3n de terceros y enlaces a terceros o a sitios web de terceros. Dicha informaci\u00f3n de terceros no representa la opini\u00f3n de EMIRATECH SOLUTIONS y los enlaces a sitios web de terceros se proporcionan \u00fanicamente por conveniencia. EMIRATECH SOLUTIONS no expresa ninguna opini\u00f3n sobre el contenido de dicha informaci\u00f3n o sitios web de terceros y no se hace responsable del mismo.<\/p>\n<h2>Datos personales<\/h2>\n<p>EMIRATECH SOLUTIONS se compromete con su privacidad. Por favor, lea nuestra <a href=\"https:\/\/clairify-quantum-disinfection.eu\/es\/politica-de-privacidad\/\">Pol\u00edtica de privacidad<\/a>.<\/p>\n<h2>Derechos de propiedad intelectual<\/h2>\n<p>Todos los materiales contenidos en los Sitios Web est\u00e1n protegidos por derechos de autor u otro(s) derecho(s) de propiedad intelectual y son propiedad de Claire Technologies LLC y\/o licenciados a EMIRATECH SOLUTIONS. Usted no puede usar, almacenar (excepto si es necesario para ver el contenido de los Sitios Web), reproducir, modificar, distribuir, vender o transferir de cualquier otra manera cualquiera de estos materiales sin el permiso previo por escrito de EMIRATECH SOLUTIONS.<\/p>\n<h2>Legislaci\u00f3n y jurisdicci\u00f3n aplicables<\/h2>\n<p>Estas Condiciones y los Sitios Web se rigen exclusivamente por la legislaci\u00f3n rumana y se interpretan de acuerdo con ella, excluyendo sus principios de conflicto de leyes. En caso de litigio, los tribunales de Bucarest ser\u00e1n los \u00fanicos competentes.<\/p>","protected":false},"excerpt":{"rendered":"<p>Legal Notice The following terms of use (\u201cTerms\u201d) are applicable to visitors of the clairify-quantum-disinfection.eu websites (the \u201cWebsites\u201d). Please read them carefully before using the Websites. By accessing and using these Websites you acknowledge that you have read, understood and agree to be bound by these Terms and to comply with all applicable laws and [&hellip;]<\/p>\n","protected":false},"author":1,"featured_media":0,"parent":0,"menu_order":0,"comment_status":"closed","ping_status":"closed","template":"","meta":{"_acf_changed":false,"_seopress_robots_primary_cat":"","_seopress_titles_title":"","_seopress_titles_desc":"","_seopress_robots_index":"yes","footnotes":""},"class_list":["post-77","page","type-page","status-publish"],"acf":[],"_links":{"self":[{"href":"https:\/\/clairify-quantum-disinfection.eu\/es\/wp-json\/wp\/v2\/pages\/77","targetHints":{"allow":["GET"]}}],"collection":[{"href":"https:\/\/clairify-quantum-disinfection.eu\/es\/wp-json\/wp\/v2\/pages"}],"about":[{"href":"https:\/\/clairify-quantum-disinfection.eu\/es\/wp-json\/wp\/v2\/types\/page"}],"author":[{"embeddable":true,"href":"https:\/\/clairify-quantum-disinfection.eu\/es\/wp-json\/wp\/v2\/users\/1"}],"replies":[{"embeddable":true,"href":"https:\/\/clairify-quantum-disinfection.eu\/es\/wp-json\/wp\/v2\/comments?post=77"}],"version-history":[{"count":4,"href":"https:\/\/clairify-quantum-disinfection.eu\/es\/wp-json\/wp\/v2\/pages\/77\/revisions"}],"predecessor-version":[{"id":212,"href":"https:\/\/clairify-quantum-disinfection.eu\/es\/wp-json\/wp\/v2\/pages\/77\/revisions\/212"}],"wp:attachment":[{"href":"https:\/\/clairify-quantum-disinfection.eu\/es\/wp-json\/wp\/v2\/media?parent=77"}],"curies":[{"name":"wp","href":"https:\/\/api.w.org\/{rel}","templated":true}]}}