{"id":80,"date":"2021-10-13T09:30:15","date_gmt":"2021-10-13T09:30:15","guid":{"rendered":"https:\/\/www.clairify-quantum-disinfection.eu\/?page_id=80"},"modified":"2023-05-14T16:50:14","modified_gmt":"2023-05-14T13:50:14","slug":"clairify-1-desinfeccion-cuantica","status":"publish","type":"page","link":"https:\/\/clairify-quantum-disinfection.eu\/es\/products\/clairify-1-quantum-disinfection\/","title":{"rendered":"Clairify 1 Desinfecci\u00f3n Cu\u00e1ntica"},"content":{"rendered":"<h2>DESINFECCI\u00d3N<\/h2>\n<p>- elimina m\u00e1s del 99,99% de las bacterias del agua<\/p>\n<h2>RENDIMIENTO<\/h2>\n<p>- volumen de agua: m\u00e1s de 56.000 litros de uso<br \/>\n- contiene CAG de c\u00e1scara de coco de alta calidad que reduce los sedimentos, el cloro, los olores y los compuestos org\u00e1nicos<\/p>\n<h2>CERTIFICACIONES<\/h2>\n<p>Quantum Disinfection\u2122 es:<br \/>\n- un componente certificado por NSF seg\u00fan NSF\/ANSI 42 s\u00f3lo para los requisitos de materiales (Certificado #: C0292640-01)<br \/>\n- probado por IAPMO seg\u00fan NSF\/ANSI 61 (Certificado #: 23033)<br \/>\n- Certificado MOH - China (Certificado #: 2015KF2513)<\/p>","protected":false},"excerpt":{"rendered":"<p>DISINFECTION - removes more than 99.99% of bacteria from the water PERFORMANCE - water volume: more than 56,000 liters of use - contains high quality coconut shell GAC that reduces \u00a0sediment, chlorine, odor and organics CERTIFICATIONS Quantum Disinfection\u2122 is: - a NSF Certified Component to NSF\/ANSI 42 for material requirements only (Certificate #: C0292640-01) - [&hellip;]<\/p>\n","protected":false},"author":1,"featured_media":96,"parent":20,"menu_order":2,"comment_status":"closed","ping_status":"closed","template":"","meta":{"_acf_changed":false,"_seopress_robots_primary_cat":"","_seopress_titles_title":"","_seopress_titles_desc":"","_seopress_robots_index":"","footnotes":""},"class_list":["post-80","page","type-page","status-publish","has-post-thumbnail"],"acf":[],"_links":{"self":[{"href":"https:\/\/clairify-quantum-disinfection.eu\/es\/wp-json\/wp\/v2\/pages\/80","targetHints":{"allow":["GET"]}}],"collection":[{"href":"https:\/\/clairify-quantum-disinfection.eu\/es\/wp-json\/wp\/v2\/pages"}],"about":[{"href":"https:\/\/clairify-quantum-disinfection.eu\/es\/wp-json\/wp\/v2\/types\/page"}],"author":[{"embeddable":true,"href":"https:\/\/clairify-quantum-disinfection.eu\/es\/wp-json\/wp\/v2\/users\/1"}],"replies":[{"embeddable":true,"href":"https:\/\/clairify-quantum-disinfection.eu\/es\/wp-json\/wp\/v2\/comments?post=80"}],"version-history":[{"count":11,"href":"https:\/\/clairify-quantum-disinfection.eu\/es\/wp-json\/wp\/v2\/pages\/80\/revisions"}],"predecessor-version":[{"id":2003,"href":"https:\/\/clairify-quantum-disinfection.eu\/es\/wp-json\/wp\/v2\/pages\/80\/revisions\/2003"}],"up":[{"embeddable":true,"href":"https:\/\/clairify-quantum-disinfection.eu\/es\/wp-json\/wp\/v2\/pages\/20"}],"wp:featuredmedia":[{"embeddable":true,"href":"https:\/\/clairify-quantum-disinfection.eu\/es\/wp-json\/wp\/v2\/media\/96"}],"wp:attachment":[{"href":"https:\/\/clairify-quantum-disinfection.eu\/es\/wp-json\/wp\/v2\/media?parent=80"}],"curies":[{"name":"wp","href":"https:\/\/api.w.org\/{rel}","templated":true}]}}