{"id":82,"date":"2021-10-11T09:32:43","date_gmt":"2021-10-11T09:32:43","guid":{"rendered":"https:\/\/www.clairify-quantum-disinfection.eu\/?page_id=82"},"modified":"2023-05-14T17:06:58","modified_gmt":"2023-05-14T14:06:58","slug":"clairify-ag-desinfeccion-cuantica","status":"publish","type":"page","link":"https:\/\/clairify-quantum-disinfection.eu\/es\/products\/clairify-ag-quantum-disinfection\/","title":{"rendered":"Clairify AG Desinfecci\u00f3n cu\u00e1ntica"},"content":{"rendered":"<h2>DESINFECCI\u00d3N<\/h2>\n<p>- elimina m\u00e1s del 99,99% de las bacterias del agua<\/p>\n<h2>PRESTACIONES<\/h2>\n<p>- caudal de agua: hasta 27 L\/min<br \/>\n- volumen de agua: hasta 380.000 litros de uso<\/p>\n<h2>USOS<\/h2>\n<p>- riego en invernaderos controlados<br \/>\n- veh\u00edculos recreativos<\/p>\n<h2>CERTIFICACIONES<\/h2>\n<p>Quantum Disinfection\u2122 es:<\/p>\n<p>- un componente certificado por NSF seg\u00fan NSF\/ANSI 42 s\u00f3lo para los requisitos de materiales (Certificado #: C0292640-01)<\/p>\n<p>- probado por IAPMO seg\u00fan NSF\/ANSI 61 (Certificado #: 23033)<\/p>\n<p>- Certificado MOH - China (Certificado #: 2015KF2513)<\/p>","protected":false},"excerpt":{"rendered":"<p>DISINFECTION - removes more than 99.99% of bacteria from the water PERFORMANCES - water flow: up to 27 L\/min - water volume: up to 380,000 liters of use USES - irrigation in controlled greenhouse settings - recreative vehicles CERTIFICATIONS Quantum Disinfection\u2122 is: - a NSF Certified Component to NSF\/ANSI 42 for material requirements only (Certificate [&hellip;]<\/p>\n","protected":false},"author":1,"featured_media":101,"parent":20,"menu_order":0,"comment_status":"closed","ping_status":"closed","template":"","meta":{"_acf_changed":false,"_seopress_robots_primary_cat":"","_seopress_titles_title":"","_seopress_titles_desc":"","_seopress_robots_index":"","footnotes":""},"class_list":["post-82","page","type-page","status-publish","has-post-thumbnail"],"acf":[],"_links":{"self":[{"href":"https:\/\/clairify-quantum-disinfection.eu\/es\/wp-json\/wp\/v2\/pages\/82","targetHints":{"allow":["GET"]}}],"collection":[{"href":"https:\/\/clairify-quantum-disinfection.eu\/es\/wp-json\/wp\/v2\/pages"}],"about":[{"href":"https:\/\/clairify-quantum-disinfection.eu\/es\/wp-json\/wp\/v2\/types\/page"}],"author":[{"embeddable":true,"href":"https:\/\/clairify-quantum-disinfection.eu\/es\/wp-json\/wp\/v2\/users\/1"}],"replies":[{"embeddable":true,"href":"https:\/\/clairify-quantum-disinfection.eu\/es\/wp-json\/wp\/v2\/comments?post=82"}],"version-history":[{"count":5,"href":"https:\/\/clairify-quantum-disinfection.eu\/es\/wp-json\/wp\/v2\/pages\/82\/revisions"}],"predecessor-version":[{"id":2013,"href":"https:\/\/clairify-quantum-disinfection.eu\/es\/wp-json\/wp\/v2\/pages\/82\/revisions\/2013"}],"up":[{"embeddable":true,"href":"https:\/\/clairify-quantum-disinfection.eu\/es\/wp-json\/wp\/v2\/pages\/20"}],"wp:featuredmedia":[{"embeddable":true,"href":"https:\/\/clairify-quantum-disinfection.eu\/es\/wp-json\/wp\/v2\/media\/101"}],"wp:attachment":[{"href":"https:\/\/clairify-quantum-disinfection.eu\/es\/wp-json\/wp\/v2\/media?parent=82"}],"curies":[{"name":"wp","href":"https:\/\/api.w.org\/{rel}","templated":true}]}}