{"id":88,"date":"2021-10-11T09:33:41","date_gmt":"2021-10-11T09:33:41","guid":{"rendered":"https:\/\/www.clairify-quantum-disinfection.eu\/?page_id=88"},"modified":"2023-05-14T17:01:59","modified_gmt":"2023-05-14T14:01:59","slug":"clairify-ro10-desinfeccion-cuantica","status":"publish","type":"page","link":"https:\/\/clairify-quantum-disinfection.eu\/es\/products\/clairify-ro10-quantum-disinfection\/","title":{"rendered":"Clairify RO10 Desinfecci\u00f3n Cu\u00e1ntica"},"content":{"rendered":"<h2>DESINFECCI\u00d3N<\/h2>\n<p>- elimina m\u00e1s del 99,99% de bacterias del agua de \u00f3smosis inversa<\/p>\n<h2>FLUJOS DE AGUA<\/h2>\n<p>- hasta 2 L\/min<\/p>\n<h2>RENDIMIENTO<\/h2>\n<p>- volumen de agua: hasta 11.000 litros de uso<br \/>\n- contiene CAG de c\u00e1scara de coco de alta calidad que reduce los olores y los componentes org\u00e1nicos<\/p>\n<h2>CERTIFICACIONES<\/h2>\n<p>Quantum Disinfection\u2122 es:<\/p>\n<p>- un componente certificado por NSF seg\u00fan NSF\/ANSI 42 s\u00f3lo para los requisitos de materiales (Certificado #: C0292640-01)<\/p>\n<p>- probado por IAPMO seg\u00fan NSF\/ANSI 61 (Certificado #: 23033)<\/p>\n<p>- Certificado MOH - China (Certificado #: 2015KF2513)<\/p>","protected":false},"excerpt":{"rendered":"<p>DISINFECTION - removes more than 99.99% of bacteria from the RO water WATER FLOWS - up to 2 L\/min PERFORMANCE - water volume: up to 11,000 liters of use - contains high quality coconut shell GAC that reduces\u00a0odor and organics CERTIFICATIONS Quantum Disinfection\u2122 is: - a NSF Certified Component to NSF\/ANSI 42 for material requirements [&hellip;]<\/p>\n","protected":false},"author":1,"featured_media":106,"parent":20,"menu_order":0,"comment_status":"closed","ping_status":"closed","template":"","meta":{"_acf_changed":false,"_seopress_robots_primary_cat":"","_seopress_titles_title":"","_seopress_titles_desc":"","_seopress_robots_index":"","footnotes":""},"class_list":["post-88","page","type-page","status-publish","has-post-thumbnail"],"acf":[],"_links":{"self":[{"href":"https:\/\/clairify-quantum-disinfection.eu\/es\/wp-json\/wp\/v2\/pages\/88","targetHints":{"allow":["GET"]}}],"collection":[{"href":"https:\/\/clairify-quantum-disinfection.eu\/es\/wp-json\/wp\/v2\/pages"}],"about":[{"href":"https:\/\/clairify-quantum-disinfection.eu\/es\/wp-json\/wp\/v2\/types\/page"}],"author":[{"embeddable":true,"href":"https:\/\/clairify-quantum-disinfection.eu\/es\/wp-json\/wp\/v2\/users\/1"}],"replies":[{"embeddable":true,"href":"https:\/\/clairify-quantum-disinfection.eu\/es\/wp-json\/wp\/v2\/comments?post=88"}],"version-history":[{"count":7,"href":"https:\/\/clairify-quantum-disinfection.eu\/es\/wp-json\/wp\/v2\/pages\/88\/revisions"}],"predecessor-version":[{"id":2009,"href":"https:\/\/clairify-quantum-disinfection.eu\/es\/wp-json\/wp\/v2\/pages\/88\/revisions\/2009"}],"up":[{"embeddable":true,"href":"https:\/\/clairify-quantum-disinfection.eu\/es\/wp-json\/wp\/v2\/pages\/20"}],"wp:featuredmedia":[{"embeddable":true,"href":"https:\/\/clairify-quantum-disinfection.eu\/es\/wp-json\/wp\/v2\/media\/106"}],"wp:attachment":[{"href":"https:\/\/clairify-quantum-disinfection.eu\/es\/wp-json\/wp\/v2\/media?parent=88"}],"curies":[{"name":"wp","href":"https:\/\/api.w.org\/{rel}","templated":true}]}}