{"id":92,"date":"2021-10-10T09:34:50","date_gmt":"2021-10-10T09:34:50","guid":{"rendered":"https:\/\/www.clairify-quantum-disinfection.eu\/?page_id=92"},"modified":"2022-06-29T16:26:13","modified_gmt":"2022-06-29T13:26:13","slug":"medios-de-desinfeccion-quantum","status":"publish","type":"page","link":"https:\/\/clairify-quantum-disinfection.eu\/es\/products\/quantum-disinfection-media\/","title":{"rendered":"Medios de desinfecci\u00f3n Quantum"},"content":{"rendered":"<p>Quantum Disinfection\u2122 (QD) es una nueva tecnolog\u00eda que utiliza los principios de la mec\u00e1nica cu\u00e1ntica del movimiento de los electrones para crear superficies catal\u00edticamente activas (cargadas positivamente) que pueden desintegrar cualquier microorganismo al instante, al contacto.<br \/>\nM\u00e1s en detalle, QD se refiere a (1) una tecnolog\u00eda que permite la creaci\u00f3n de (2) nuevos materiales compuestos con (3) capacidades de desinfecci\u00f3n particulares:<\/p>\n<ol>\n<li>\u00a0La tecnolog\u00eda QD utiliza los principios generales de la t\u00e9cnica \"Doping\", descubierta recientemente en el campo de los semiconductores avanzados, junto con las elevadas propiedades desinfectantes de la plata cati\u00f3nica;<\/li>\n<li>El medio QD representa una cer\u00e1mica basada en al\u00famina (fig. &amp; tab. aqu\u00ed abajo) sintonizada con una capa de di\u00f3xido de titanio (llamada Soporte Aceptador) y otra capa de plata (llamada Fase Activa). Estas dos capas se influyen mutuamente y crean en la superficie de la al\u00famina un fuerte campo cati\u00f3nico, + 1,4 eV (llamado Superficie Activa);<\/li>\n<li>El fen\u00f3meno QD est\u00e1 relacionado con la desintegraci\u00f3n de los microorganismos que entran en contacto con la superficie activa del medio QD. El fuerte campo cati\u00f3nico atrae y arranca los electrones de las membranas externas, capas enzim\u00e1ticas o secuencias reproducibles de ADN de cualquier microorganismo que entre en contacto directo con el medio QD.<\/li>\n<\/ol>","protected":false},"excerpt":{"rendered":"<p>Quantum Disinfection\u2122 (QD) is a new technology that uses the quantum mechanic principles of electron movement to create catalytic active surfaces (positively charged) that can disintegrate any microorganism instantly, upon contact. In more detail, QD refers to (1) a technology that allows the creation of (2) new composite materials with (3) particular disinfection capacities: \u00a0The [&hellip;]<\/p>\n","protected":false},"author":1,"featured_media":94,"parent":20,"menu_order":0,"comment_status":"closed","ping_status":"closed","template":"","meta":{"_acf_changed":false,"_seopress_robots_primary_cat":"","_seopress_titles_title":"","_seopress_titles_desc":"","_seopress_robots_index":"","footnotes":""},"class_list":["post-92","page","type-page","status-publish","has-post-thumbnail"],"acf":[],"_links":{"self":[{"href":"https:\/\/clairify-quantum-disinfection.eu\/es\/wp-json\/wp\/v2\/pages\/92","targetHints":{"allow":["GET"]}}],"collection":[{"href":"https:\/\/clairify-quantum-disinfection.eu\/es\/wp-json\/wp\/v2\/pages"}],"about":[{"href":"https:\/\/clairify-quantum-disinfection.eu\/es\/wp-json\/wp\/v2\/types\/page"}],"author":[{"embeddable":true,"href":"https:\/\/clairify-quantum-disinfection.eu\/es\/wp-json\/wp\/v2\/users\/1"}],"replies":[{"embeddable":true,"href":"https:\/\/clairify-quantum-disinfection.eu\/es\/wp-json\/wp\/v2\/comments?post=92"}],"version-history":[{"count":4,"href":"https:\/\/clairify-quantum-disinfection.eu\/es\/wp-json\/wp\/v2\/pages\/92\/revisions"}],"predecessor-version":[{"id":852,"href":"https:\/\/clairify-quantum-disinfection.eu\/es\/wp-json\/wp\/v2\/pages\/92\/revisions\/852"}],"up":[{"embeddable":true,"href":"https:\/\/clairify-quantum-disinfection.eu\/es\/wp-json\/wp\/v2\/pages\/20"}],"wp:featuredmedia":[{"embeddable":true,"href":"https:\/\/clairify-quantum-disinfection.eu\/es\/wp-json\/wp\/v2\/media\/94"}],"wp:attachment":[{"href":"https:\/\/clairify-quantum-disinfection.eu\/es\/wp-json\/wp\/v2\/media?parent=92"}],"curies":[{"name":"wp","href":"https:\/\/api.w.org\/{rel}","templated":true}]}}